{"id":7,"date":"2026-01-01T00:00:00","date_gmt":"2025-12-31T21:00:00","guid":{"rendered":"https:\/\/www.serhatsoylemez.net\/?page_id=7"},"modified":"2026-04-16T22:20:32","modified_gmt":"2026-04-16T19:20:32","slug":"ana-sayfa","status":"publish","type":"page","link":"https:\/\/www.serhatsoylemez.net\/","title":{"rendered":""},"content":{"rendered":"\n<div class=\"wp-block-columns is-layout-flex wp-container-core-columns-is-layout-9d6595d7 wp-block-columns-is-layout-flex\">\n<div class=\"wp-block-column is-layout-flow wp-block-column-is-layout-flow\">\n<p><\/p>\n\n\n\n&nbsp;\n\n\n\n<h2 class=\"wp-block-heading\"><strong>Bu Site Hakk\u0131nda<\/strong><\/h2>\n\n\n\n&nbsp;\n\n\n\n<p class=\"gb-text\">Yakla\u015f\u0131k 10 y\u0131ld\u0131r personel belgelendirme alan\u0131nda \u00e7al\u0131\u015f\u0131yorum.<br>Bu siteyi, bu s\u00fcre\u00e7te edindi\u011fim saha deneyimleri, teknik g\u00f6zlemler ve uygulama kazan\u0131mlar\u0131n\u0131 payla\u015fmak amac\u0131yla olu\u015fturdum.<br>Blogda ISO\/IEC 17024 uygulamalar\u0131, akreditasyon s\u00fcre\u00e7leri ve standartlara ili\u015fkin ki\u015fisel de\u011ferlendirmeler yer almaktad\u0131r.<\/p>\n<\/div>\n\n\n\n<div class=\"wp-block-column is-layout-flow wp-block-column-is-layout-flow\">\n<figure class=\"wp-block-image size-large\"><img loading=\"lazy\" decoding=\"async\" width=\"1024\" height=\"683\" src=\"https:\/\/www.serhatsoylemez.net\/wp-content\/uploads\/2026\/02\/17024-Tech-Seffaf-1024x683.png\" alt=\"\" class=\"wp-image-21\"\/><\/figure>\n<\/div>\n<\/div>\n\n\n\n\n\n\n\n\n\n\n\n\n\n\n\n\n\n\n\n\n\n&nbsp;\n\n\n\n<p class=\"has-text-align-left\"><a href=\"https:\/\/www.serhatsoylemez.net\/index.php\/iso-iec-17024-2026-personel-belgelendirmede-oyun-degisiyor\/\" data-type=\"post\" data-id=\"180\">ISO\/IEC 17024:2026: Personel Belgelendirmede Oyun De\u011fi\u015fiyor (ISO\/IEC 17024:2012 \u2013 ISO\/IEC 17024:2026 Madde Bazl\u0131 Fark Analizi)<\/a><\/p>\n\n\n\n<p><\/p>\n","protected":false},"excerpt":{"rendered":"<p>&nbsp; Bu Site Hakk\u0131nda &nbsp; Yakla\u015f\u0131k 10 y\u0131ld\u0131r personel belgelendirme alan\u0131nda \u00e7al\u0131\u015f\u0131yorum.Bu siteyi, bu s\u00fcre\u00e7te edindi\u011fim saha deneyimleri, teknik g\u00f6zlemler ve uygulama kazan\u0131mlar\u0131n\u0131 payla\u015fmak amac\u0131yla olu\u015fturdum.Blogda ISO\/IEC 17024 uygulamalar\u0131, akreditasyon s\u00fcre\u00e7leri ve standartlara ili\u015fkin ki\u015fisel de\u011ferlendirmeler yer almaktad\u0131r. &nbsp; ISO\/IEC 17024:2026: Personel Belgelendirmede Oyun De\u011fi\u015fiyor (ISO\/IEC 17024:2012 \u2013 ISO\/IEC 17024:2026 Madde Bazl\u0131 Fark Analizi)<\/p>\n","protected":false},"author":1,"featured_media":0,"parent":0,"menu_order":0,"comment_status":"closed","ping_status":"closed","template":"","meta":{"footnotes":""},"class_list":["post-7","page","type-page","status-publish"],"_links":{"self":[{"href":"https:\/\/www.serhatsoylemez.net\/index.php\/wp-json\/wp\/v2\/pages\/7","targetHints":{"allow":["GET"]}}],"collection":[{"href":"https:\/\/www.serhatsoylemez.net\/index.php\/wp-json\/wp\/v2\/pages"}],"about":[{"href":"https:\/\/www.serhatsoylemez.net\/index.php\/wp-json\/wp\/v2\/types\/page"}],"author":[{"embeddable":true,"href":"https:\/\/www.serhatsoylemez.net\/index.php\/wp-json\/wp\/v2\/users\/1"}],"replies":[{"embeddable":true,"href":"https:\/\/www.serhatsoylemez.net\/index.php\/wp-json\/wp\/v2\/comments?post=7"}],"version-history":[{"count":31,"href":"https:\/\/www.serhatsoylemez.net\/index.php\/wp-json\/wp\/v2\/pages\/7\/revisions"}],"predecessor-version":[{"id":201,"href":"https:\/\/www.serhatsoylemez.net\/index.php\/wp-json\/wp\/v2\/pages\/7\/revisions\/201"}],"wp:attachment":[{"href":"https:\/\/www.serhatsoylemez.net\/index.php\/wp-json\/wp\/v2\/media?parent=7"}],"curies":[{"name":"wp","href":"https:\/\/api.w.org\/{rel}","templated":true}]}}