{"id":11,"date":"2026-02-03T23:47:48","date_gmt":"2026-02-03T20:47:48","guid":{"rendered":"https:\/\/www.serhatsoylemez.net\/?page_id=11"},"modified":"2026-03-11T00:50:33","modified_gmt":"2026-03-10T21:50:33","slug":"iletisim","status":"publish","type":"page","link":"https:\/\/www.serhatsoylemez.net\/index.php\/iletisim\/","title":{"rendered":"\u0130leti\u015fim"},"content":{"rendered":"\n<p><a href=\"https:\/\/www.linkedin.com\/in\/serhat-s\u00f6ylemez-iso17024\">https:\/\/www.linkedin.com\/in\/serhat-s\u00f6ylemez-iso17024<\/a><\/p>\n\n\n\n<section class=\"contact-intro\">\n  <p>\n    Serhat S\u00f6ylemez, ISO\/IEC 17024 personel belgelendirme sistemleri ve akreditasyon s\u00fcre\u00e7leri \u00fczerine \u00e7al\u0131\u015fan bir kalite y\u00f6netimi uzman\u0131d\u0131r.\n  <\/p>\n  <p>\n    G\u00f6r\u00fc\u015f, \u00f6neri veya i\u015f birlikleri i\u00e7in a\u015fa\u011f\u0131daki ileti\u015fim formunu kullanabilirsiniz.\n  <\/p>\n<\/section>\n\n<div class=\"form-wrapper\">\n  <iframe loading=\"lazy\"\n    src=\"https:\/\/docs.google.com\/forms\/d\/e\/1FAIpQLSdE0nW3-mfhe_a-XxIFSHk3WOyBtoJMV5smFhdKKGsNt71VZg\/viewform?embedded=true\"\n    width=\"100%\"\n    height=\"900\"\n    frameborder=\"0\"\n    marginheight=\"0\"\n    marginwidth=\"0\">\n    Y\u00fckleniyor\u2026\n  <\/iframe>\n<\/div>\n\n\n\n<p><\/p>\n","protected":false},"excerpt":{"rendered":"<p>https:\/\/www.linkedin.com\/in\/serhat-s\u00f6ylemez-iso17024 Serhat S\u00f6ylemez, ISO\/IEC 17024 personel belgelendirme sistemleri ve akreditasyon s\u00fcre\u00e7leri \u00fczerine \u00e7al\u0131\u015fan bir kalite y\u00f6netimi uzman\u0131d\u0131r. G\u00f6r\u00fc\u015f, \u00f6neri veya i\u015f birlikleri i\u00e7in a\u015fa\u011f\u0131daki ileti\u015fim formunu kullanabilirsiniz. Y\u00fckleniyor\u2026<\/p>\n","protected":false},"author":1,"featured_media":0,"parent":0,"menu_order":0,"comment_status":"closed","ping_status":"closed","template":"","meta":{"footnotes":""},"class_list":["post-11","page","type-page","status-publish"],"_links":{"self":[{"href":"https:\/\/www.serhatsoylemez.net\/index.php\/wp-json\/wp\/v2\/pages\/11","targetHints":{"allow":["GET"]}}],"collection":[{"href":"https:\/\/www.serhatsoylemez.net\/index.php\/wp-json\/wp\/v2\/pages"}],"about":[{"href":"https:\/\/www.serhatsoylemez.net\/index.php\/wp-json\/wp\/v2\/types\/page"}],"author":[{"embeddable":true,"href":"https:\/\/www.serhatsoylemez.net\/index.php\/wp-json\/wp\/v2\/users\/1"}],"replies":[{"embeddable":true,"href":"https:\/\/www.serhatsoylemez.net\/index.php\/wp-json\/wp\/v2\/comments?post=11"}],"version-history":[{"count":8,"href":"https:\/\/www.serhatsoylemez.net\/index.php\/wp-json\/wp\/v2\/pages\/11\/revisions"}],"predecessor-version":[{"id":76,"href":"https:\/\/www.serhatsoylemez.net\/index.php\/wp-json\/wp\/v2\/pages\/11\/revisions\/76"}],"wp:attachment":[{"href":"https:\/\/www.serhatsoylemez.net\/index.php\/wp-json\/wp\/v2\/media?parent=11"}],"curies":[{"name":"wp","href":"https:\/\/api.w.org\/{rel}","templated":true}]}}